{"id":5047,"date":"2025-08-03T11:59:37","date_gmt":"2025-08-03T15:59:37","guid":{"rendered":"https:\/\/radiosantuario.cl\/2025\/?page_id=5047"},"modified":"2025-08-03T12:02:03","modified_gmt":"2025-08-03T16:02:03","slug":"nuestra-mision","status":"publish","type":"page","link":"https:\/\/radiosantuario.cl\/2025\/nuestra-mision\/","title":{"rendered":"Nuestra Misi\u00f3n"},"content":{"rendered":"\n<p class=\"has-color-4-color has-text-color has-link-color has-medium-font-size wp-elements-d7badb9f87aefc4438777a520bcf1c59\">En Radio Santuario creemos en el poder de la comunicaci\u00f3n para transformar, unir y acompa\u00f1ar. Nuestra misi\u00f3n es ser una voz presente en la vida cotidiana de nuestra comunidad, entregando contenidos que informen con responsabilidad, inspiren con sentido y conecten con las realidades locales.<\/p>\n\n\n\n<p class=\"has-color-4-color has-text-color has-link-color has-medium-font-size wp-elements-d8a7759d9cadf3b231e67d3174fc3261\">Transmitimos con el compromiso de fomentar valores como el respeto, la solidaridad y la participaci\u00f3n activa. A trav\u00e9s de nuestras frecuencias, buscamos ser un espacio abierto al di\u00e1logo, la cultura, la espiritualidad y el desarrollo regional.<\/p>\n\n\n\n<p class=\"has-color-4-color has-text-color has-link-color has-medium-font-size wp-elements-e677645d864fb2bf86b959337e0db223\">Cada programa, cada palabra al aire, es parte de nuestro prop\u00f3sito: construir puentes entre personas, ideas y territorios.<\/p>\n","protected":false},"excerpt":{"rendered":"<p>En Radio Santuario creemos en el poder de la comunicaci\u00f3n para transformar, unir y acompa\u00f1ar. Nuestra misi\u00f3n es ser una voz presente en la vida cotidiana de nuestra comunidad, entregando contenidos que informen con responsabilidad, inspiren con sentido y conecten con las realidades locales. Transmitimos con el compromiso de fomentar valores como el respeto, la [&hellip;]<\/p>\n","protected":false},"author":1,"featured_media":0,"parent":0,"menu_order":0,"comment_status":"closed","ping_status":"closed","template":"","meta":{"saved_in_kubio":false,"footnotes":""},"class_list":["post-5047","page","type-page","status-publish","hentry"],"kubio_ai_page_context":{"short_desc":"","purpose":"general"},"_links":{"self":[{"href":"https:\/\/radiosantuario.cl\/2025\/wp-json\/wp\/v2\/pages\/5047","targetHints":{"allow":["GET"]}}],"collection":[{"href":"https:\/\/radiosantuario.cl\/2025\/wp-json\/wp\/v2\/pages"}],"about":[{"href":"https:\/\/radiosantuario.cl\/2025\/wp-json\/wp\/v2\/types\/page"}],"author":[{"embeddable":true,"href":"https:\/\/radiosantuario.cl\/2025\/wp-json\/wp\/v2\/users\/1"}],"replies":[{"embeddable":true,"href":"https:\/\/radiosantuario.cl\/2025\/wp-json\/wp\/v2\/comments?post=5047"}],"version-history":[{"count":0,"href":"https:\/\/radiosantuario.cl\/2025\/wp-json\/wp\/v2\/pages\/5047\/revisions"}],"wp:attachment":[{"href":"https:\/\/radiosantuario.cl\/2025\/wp-json\/wp\/v2\/media?parent=5047"}],"curies":[{"name":"wp","href":"https:\/\/api.w.org\/{rel}","templated":true}]}}