{"id":950,"date":"2022-06-10T15:44:41","date_gmt":"2022-06-10T15:44:41","guid":{"rendered":"https:\/\/kadence.pixel-show.com\/cleaning-services\/?page_id=17"},"modified":"2025-08-08T01:58:21","modified_gmt":"2025-08-08T05:58:21","slug":"contacto","status":"publish","type":"page","link":"https:\/\/radiosantuario.cl\/2025\/contacto\/","title":{"rendered":"COMUN\u00cdCATE CON NOSOTROS"},"content":{"rendered":"\n<p><\/p>\n\n\n\n<p class=\"has-color-4-color has-text-color has-link-color has-medium-font-size wp-elements-9d0f6e744ab370ed0a447178b7e864c5\">\u00bfQuieres comunicarte con nosotros? En Radio Santuario valoramos el di\u00e1logo abierto y cercano con nuestra audiencia. Ya sea para compartir una inquietud, enviar una sugerencia, colaborar con nuestros contenidos o simplemente saludar, este espacio est\u00e1 pensado para ti.<\/p>\n\n\n\n<p class=\"has-color-4-color has-text-color has-link-color has-medium-font-size wp-elements-7648deb875b60226bf6b9f3a7ab39e3a\">Tu voz tambi\u00e9n forma parte de nuestra misi\u00f3n. Escr\u00edbenos, ll\u00e1manos o vis\u00edtanos: estamos aqu\u00ed para escucharte.<\/p>\n\n\n\n<p class=\"has-medium-font-size\">\ud83d\udce7 <strong>Correo electr\u00f3nico:<\/strong> contacto@radiosantuario.cl<\/p>\n\n\n\n<p class=\"has-medium-font-size\">\ud83d\udcde <strong>Tel\u00e9fono \/ WhatsApp:<\/strong> +56 9 6831 6272<\/p>\n\n\n\n<p class=\"has-medium-font-size\">\ud83d\udccd <strong>Direcci\u00f3n f\u00edsica:<\/strong> Chacabuco 441, Copiap\u00f3, Regi\u00f3n de Atacama<\/p>\n\n\n\n\n\n<figure class=\"wp-block-image size-full is-resized\"><a href=\"https:\/\/www.facebook.com\/radiosantuario\" target=\"_blank\" rel=\" noreferrer noopener\"><img decoding=\"async\" src=\"https:\/\/radiosantuario.cl\/2025\/wp-content\/uploads\/2025\/08\/facebook.png\" alt=\"\" class=\"wp-image-5106\" style=\"object-fit:cover;width:100px;height:100px\"\/><\/a><\/figure>\n\n\n\n<figure class=\"wp-block-image size-full is-resized\"><a href=\"https:\/\/www.instagram.com\/radiosantuario\/\" target=\"_blank\" rel=\" noreferrer noopener\"><img loading=\"lazy\" decoding=\"async\" width=\"1000\" height=\"1000\" src=\"https:\/\/radiosantuario.cl\/2025\/wp-content\/uploads\/2025\/08\/instagram.webp\" alt=\"\" class=\"wp-image-5107\" style=\"object-fit:cover;width:80px;height:80px\" srcset=\"https:\/\/radiosantuario.cl\/2025\/wp-content\/uploads\/2025\/08\/instagram.webp 1000w, https:\/\/radiosantuario.cl\/2025\/wp-content\/uploads\/2025\/08\/instagram-300x300.webp 300w, https:\/\/radiosantuario.cl\/2025\/wp-content\/uploads\/2025\/08\/instagram-150x150.webp 150w, https:\/\/radiosantuario.cl\/2025\/wp-content\/uploads\/2025\/08\/instagram-768x768.webp 768w, https:\/\/radiosantuario.cl\/2025\/wp-content\/uploads\/2025\/08\/instagram-70x70.webp 70w, https:\/\/radiosantuario.cl\/2025\/wp-content\/uploads\/2025\/08\/instagram-360x360.webp 360w, https:\/\/radiosantuario.cl\/2025\/wp-content\/uploads\/2025\/08\/instagram-580x580.webp 580w, https:\/\/radiosantuario.cl\/2025\/wp-content\/uploads\/2025\/08\/instagram-860x860.webp 860w, https:\/\/radiosantuario.cl\/2025\/wp-content\/uploads\/2025\/08\/instagram-540x540.webp 540w, https:\/\/radiosantuario.cl\/2025\/wp-content\/uploads\/2025\/08\/instagram-600x600.webp 600w, https:\/\/radiosantuario.cl\/2025\/wp-content\/uploads\/2025\/08\/instagram-100x100.webp 100w\" sizes=\"(max-width: 1000px) 100vw, 1000px\" \/><\/a><\/figure>\n\n\n\n<p><\/p>\n","protected":false},"excerpt":{"rendered":"<p>\u00bfQuieres comunicarte con nosotros? En Radio Santuario valoramos el di\u00e1logo abierto y cercano con nuestra audiencia. Ya sea para compartir una inquietud, enviar una sugerencia, colaborar con nuestros contenidos o simplemente saludar, este espacio est\u00e1 pensado para ti. Tu voz tambi\u00e9n forma parte de nuestra misi\u00f3n. Escr\u00edbenos, ll\u00e1manos o vis\u00edtanos: estamos aqu\u00ed para escucharte. \ud83d\udce7 [&hellip;]<\/p>\n","protected":false},"author":1,"featured_media":0,"parent":0,"menu_order":0,"comment_status":"closed","ping_status":"closed","template":"","meta":{"saved_in_kubio":false,"footnotes":""},"class_list":["post-950","page","type-page","status-publish","hentry"],"kubio_ai_page_context":{"short_desc":"","purpose":"general"},"_links":{"self":[{"href":"https:\/\/radiosantuario.cl\/2025\/wp-json\/wp\/v2\/pages\/950","targetHints":{"allow":["GET"]}}],"collection":[{"href":"https:\/\/radiosantuario.cl\/2025\/wp-json\/wp\/v2\/pages"}],"about":[{"href":"https:\/\/radiosantuario.cl\/2025\/wp-json\/wp\/v2\/types\/page"}],"author":[{"embeddable":true,"href":"https:\/\/radiosantuario.cl\/2025\/wp-json\/wp\/v2\/users\/1"}],"replies":[{"embeddable":true,"href":"https:\/\/radiosantuario.cl\/2025\/wp-json\/wp\/v2\/comments?post=950"}],"version-history":[{"count":0,"href":"https:\/\/radiosantuario.cl\/2025\/wp-json\/wp\/v2\/pages\/950\/revisions"}],"wp:attachment":[{"href":"https:\/\/radiosantuario.cl\/2025\/wp-json\/wp\/v2\/media?parent=950"}],"curies":[{"name":"wp","href":"https:\/\/api.w.org\/{rel}","templated":true}]}}